{"id":6908,"date":"2017-08-13T02:47:19","date_gmt":"2017-08-13T02:47:19","guid":{"rendered":"http:\/\/96.31.30.43\/?page_id=6908"},"modified":"2025-10-08T12:22:00","modified_gmt":"2025-10-08T17:22:00","slug":"athletics","status":"publish","type":"page","link":"https:\/\/mocfv.org\/index.php\/athletics\/","title":{"rendered":"MOC-Floyd Valley Athletics"},"content":{"rendered":"<div id=\"cs-content\" class=\"cs-content\"><div class=\"x-section e6908-e1 m5bw-0 m5bw-1\"><div class=\"x-bg\" aria-hidden=\"true\"><div class=\"x-bg-layer-lower-color\"><\/div><div class=\"x-bg-layer-upper-image\"><\/div><\/div><div class=\"x-container max width e6908-e2 m5bw-4\"><div class=\"x-column x-sm x-1-1 e6908-e3 m5bw-6 m5bw-7\"><h2  class=\"h-custom-headline h2\" style=\"color: hsl(0, 0%, 100%);\"><span>MOC-Floyd Valley Athletics<\/span><\/h2><hr class=\"x-line e6908-e5 m5bw-a m5bw-b\"\/><\/div><\/div><\/div><div class=\"x-section e6908-e6 m5bw-1 m5bw-2 m5bw-3\"><div class=\"x-bg\" aria-hidden=\"true\"><div class=\"x-bg-layer-lower-image\"><\/div><\/div><div class=\"x-container max width e6908-e7 m5bw-4\"><div class=\"x-column x-sm x-1-1 e6908-e8 m5bw-6 m5bw-7\"><hr class=\"x-line e6908-e9 m5bw-b m5bw-c\"\/><\/div><\/div><\/div><div class=\"x-section e6908-e10 m5bw-1 m5bw-2\"><div class=\"x-container max width e6908-e11 m5bw-4 m5bw-5\"><div class=\"x-column x-sm x-1-5 e6908-e12 m5bw-6 m5bw-7 m5bw-8\"><a  class=\"x-btn x-btn-global x-btn-block\"  href=\"https:\/\/www.gobound.com\/ia\/schools\/mocfloydvalley\"  target=\"_blank\" rel=\"noopener noreferrer\"   data-options=\"thumbnail: ''\">Bound<\/a><\/div><div class=\"x-column x-sm x-1-5 e6908-e14 m5bw-6 m5bw-7\"><a  class=\"x-btn x-btn-global x-btn-block\"  href=\"https:\/\/www.gobound.com\/ia\/schools\/mocfloydvalley\/calendar\"  target=\"_blank\" rel=\"noopener noreferrer\"   data-options=\"thumbnail: ''\">Siouxland Conference Schedules<\/a><\/div><div class=\"x-column x-sm x-1-5 e6908-e16 m5bw-6 m5bw-7\"><a  class=\"x-btn x-btn-global x-btn-block\"  href=\"https:\/\/www.gobound.com\/ia\/conferences\/siouxland\"  target=\"_blank\" rel=\"noopener noreferrer\"   data-options=\"thumbnail: ''\">Siouxland Conference<\/a><\/div><div class=\"x-column x-sm x-1-5 e6908-e18 m5bw-6 m5bw-7\"><a  class=\"x-btn x-btn-global x-btn-block\"  href=\"http:\/\/www.iahsaa.org\/\"  target=\"_blank\" rel=\"noopener noreferrer\"   data-options=\"thumbnail: ''\">IAHSAA (Boys Association)<\/a><\/div><div class=\"x-column x-sm x-1-5 e6908-e20 m5bw-6 m5bw-9\"><a  class=\"x-btn x-btn-global x-btn-block\"  href=\"http:\/\/ighsau.org\/\"  target=\"_blank\" rel=\"noopener noreferrer\"   data-options=\"thumbnail: ''\">IGHSAU (Girls Association)<\/a><\/div><\/div><div class=\"x-container max width e6908-e22 m5bw-4\"><div class=\"x-column x-sm x-1-2 e6908-e23 m5bw-6 m5bw-7\"><hr class=\"x-line e6908-e24 m5bw-a m5bw-b\"\/><h2  class=\"h-custom-headline h5\" ><span>Bound Registration<\/span><\/h2><a  class=\"x-btn x-btn-global x-btn-block\"  href=\"https:\/\/mocfv.org\/index.php\/start-of-school\/\"     data-options=\"thumbnail: ''\">Start of School<\/a><h2  class=\"h-custom-headline h5\" ><span>Forms<\/span><\/h2><div class=\"x-text x-content e6908-e28 m5bw-d\"><p><a href=\"https:\/\/mocfv.org\/wp-content\/uploads\/2023\/05\/physical-form-updated-2022.pdf\">Preparticipation Physical Form<\/a><br \/>\n<a href=\"https:\/\/mocfv.org\/wp-content\/uploads\/2020\/06\/PreparticipationPhysicalFormSpanish.pdf\">Preparticipaci\u00f3n Atl\u00e9tico Examen F\u00edsico<\/a><\/p><\/div><hr class=\"x-line e6908-e29 m5bw-a m5bw-b\"\/><\/div><div class=\"x-column x-sm x-1-2 e6908-e30 m5bw-6 m5bw-9\"><hr class=\"x-line e6908-e31 m5bw-a m5bw-b\"\/><h2  class=\"h-custom-headline h5\" ><span>Track & Field Results<\/span><\/h2><a  class=\"x-btn x-btn-global x-btn-block\"  href=\"http:\/\/www.mocfvdutch.org\/track\/results.php\"     data-options=\"thumbnail: ''\">Results<\/a><hr class=\"x-line e6908-e34 m5bw-a m5bw-b\"\/><\/div><\/div><div class=\"x-container max width e6908-e35 m5bw-4\"><div class=\"x-column x-sm x-1-2 e6908-e36 m5bw-6 m5bw-7\"><h2  class=\"h-custom-headline h5\" ><span>Boys Athletics<\/span><\/h2><h2  class=\"h-custom-headline h6\" ><span>Football<\/span><\/h2><a  class=\"x-btn x-btn-global x-btn-block\"  href=\"https:\/\/www.gobound.com\/ia\/ihsaa\/football\/2023-24\/mocfloydvalley\/v\"  target=\"_blank\" rel=\"noopener noreferrer\"   data-options=\"thumbnail: ''\">Bound - Football<\/a><h2  class=\"h-custom-headline h6\" ><span>Cross Country<\/span><\/h2><a  class=\"x-btn x-btn-global x-btn-block\"  href=\"https:\/\/www.gobound.com\/ia\/ihsaa\/boyscrosscountry\/2023-24\/mocfloydvalley\/v\"  target=\"_blank\" rel=\"noopener noreferrer\"   data-options=\"thumbnail: ''\">Bound - Cross Country<\/a><h2  class=\"h-custom-headline h6\" ><span>Basketball<\/span><\/h2><a  class=\"x-btn x-btn-global x-btn-block\"  href=\"https:\/\/www.gobound.com\/ia\/ihsaa\/boysbasketball\/2023-24\/mocfloydvalley\/v\"  target=\"_blank\" rel=\"noopener noreferrer\"   data-options=\"thumbnail: ''\">Bound - Basketball<\/a><h2  class=\"h-custom-headline h6\" ><span>Soccer<\/span><\/h2><a  class=\"x-btn x-btn-global x-btn-block\"  href=\"https:\/\/www.gobound.com\/ia\/ihsaa\/boyssoccer\/2023-24\/mocfloydvalley\/v\"  target=\"_blank\" rel=\"noopener noreferrer\"   data-options=\"thumbnail: ''\">Bound - Soccer<\/a><h2  class=\"h-custom-headline h6\" ><span>Wrestling<\/span><\/h2><a  class=\"x-btn x-btn-global x-btn-block\"  href=\"https:\/\/www.gobound.com\/ia\/ihsaa\/boyswrestling\/2023-24\/mocfloydvalley\/v\"  target=\"_blank\" rel=\"noopener noreferrer\"   data-options=\"thumbnail: ''\">Bound - Wrestling<\/a><h2  class=\"h-custom-headline h6\" ><span>Baseball<\/span><\/h2><a  class=\"x-btn x-btn-global x-btn-block\"  href=\"https:\/\/www.gobound.com\/ia\/ihsaa\/baseball\/2023-24\/mocfloydvalley\/v\"  target=\"_blank\" rel=\"noopener noreferrer\"   data-options=\"thumbnail: ''\">Bound - Baseball<\/a><h2  class=\"h-custom-headline h6\" ><span>Golf<\/span><\/h2><a  class=\"x-btn x-btn-global x-btn-block\"  href=\"https:\/\/www.gobound.com\/ia\/ihsaa\/bgs\/2023-24\/mocfloydvalley\/v\"  target=\"_blank\" rel=\"noopener noreferrer\"   data-options=\"thumbnail: ''\">Bound - Golf<\/a><h2  class=\"h-custom-headline h6\" ><span>Track & Field<\/span><\/h2><a  class=\"x-btn x-btn-global x-btn-block\"  href=\"https:\/\/www.gobound.com\/ia\/ihsaa\/boystrack\/2023-24\/mocfloydvalley\/v\"  target=\"_blank\" rel=\"noopener noreferrer\"   data-options=\"thumbnail: ''\">Bound - Track & Field<\/a><\/div><div class=\"x-column x-sm x-1-2 e6908-e54 m5bw-6 m5bw-7\"><h2  class=\"h-custom-headline h5\" ><span>Girls Athletics<\/span><\/h2><h2  class=\"h-custom-headline h6\" ><span>Volleyball<\/span><\/h2><a  class=\"x-btn x-btn-global x-btn-block\"  href=\"https:\/\/www.gobound.com\/ia\/ighsau\/vb\/2023-24\/mocfloydvalley\/v\"  target=\"_blank\" rel=\"noopener noreferrer\"   data-options=\"thumbnail: ''\">Bound - Volleyball<\/a><h2  class=\"h-custom-headline h6\" ><span>Cross Country<\/span><\/h2><a  class=\"x-btn x-btn-global x-btn-block\"  href=\"https:\/\/www.gobound.com\/ia\/ighsau\/girlscrosscountry\/2023-24\/mocfloydvalley\/v\"  target=\"_blank\" rel=\"noopener noreferrer\"   data-options=\"thumbnail: ''\">Bound - Cross Country<\/a><h2  class=\"h-custom-headline h6\" ><span>Basketball<\/span><\/h2><a  class=\"x-btn x-btn-global x-btn-block\"  href=\"https:\/\/www.gobound.com\/ia\/ighsau\/girlsbasketball\/2023-24\/mocfloydvalley\/v\"  target=\"_blank\" rel=\"noopener noreferrer\"   data-options=\"thumbnail: ''\">Bound - Basketball<\/a><h2  class=\"h-custom-headline h6\" ><span>Soccer<\/span><\/h2><a  class=\"x-btn x-btn-global x-btn-block\"  href=\"https:\/\/www.gobound.com\/ia\/ighsau\/girlssoccer\/2023-24\/mocfloydvalley\/v\"  target=\"_blank\" rel=\"noopener noreferrer\"   data-options=\"thumbnail: ''\">Bound - Soccer<\/a><h2  class=\"h-custom-headline h6\" ><span>Wrestling<\/span><\/h2><a  class=\"x-btn x-btn-global x-btn-block\"  href=\"https:\/\/www.gobound.com\/ia\/ighsau\/girlswrestling\/2023-24\/mocfloydvalley\/v\"  target=\"_blank\" rel=\"noopener noreferrer\"   data-options=\"thumbnail: ''\">Bound - Wrestling<\/a><h2  class=\"h-custom-headline h6\" ><span>Cheerleading<\/span><\/h2><a  class=\"x-btn x-btn-global x-btn-block\"  href=\"https:\/\/www.gobound.com\/ia\/ihsaa\/CHR\/2023-24\/mocfloydvalley\/v\"  target=\"_blank\" rel=\"noopener noreferrer\"   data-options=\"thumbnail: ''\">Bound - Cheerleading<\/a><h2  class=\"h-custom-headline h6\" ><span>Dance Team<\/span><\/h2><a  class=\"x-btn x-btn-global x-btn-block\"  href=\"https:\/\/www.gobound.com\/ia\/bound\/dnc\/2023-24\/mocfloydvalley\/v\"  target=\"_blank\" rel=\"noopener noreferrer\"   data-options=\"thumbnail: ''\">Bound - Dance Team<\/a><h2  class=\"h-custom-headline h6\" ><span>Softball<\/span><\/h2><a  class=\"x-btn x-btn-global x-btn-block\"  href=\"https:\/\/www.gobound.com\/ia\/ighsau\/softball\/2023-24\/mocfloydvalley\/v\"  target=\"_blank\" rel=\"noopener noreferrer\"   data-options=\"thumbnail: ''\">Bound - Softball<\/a><h2  class=\"h-custom-headline h6\" ><span>Golf<\/span><\/h2><a  class=\"x-btn x-btn-global x-btn-block\"  href=\"https:\/\/www.gobound.com\/ia\/ighsau\/ggf\/2023-24\/mocfloydvalley\/v\"  target=\"_blank\" rel=\"noopener noreferrer\"   data-options=\"thumbnail: ''\">Bound - Golf<\/a><h2  class=\"h-custom-headline h6\" ><span>Track & Field<\/span><\/h2><a  class=\"x-btn x-btn-global x-btn-block\"  href=\"https:\/\/www.gobound.com\/ia\/ighsau\/girlstrack\/2023-24\/mocfloydvalley\/v\"  target=\"_blank\" rel=\"noopener noreferrer\"   data-options=\"thumbnail: ''\">Bound - Track & Field<\/a><\/div><\/div><div class=\"x-container max width e6908-e76 m5bw-4\"><div class=\"x-column x-sm x-1-1 e6908-e77 m5bw-6 m5bw-7\"><hr class=\"x-line e6908-e78 m5bw-a m5bw-b\"\/><\/div><\/div><\/div><\/div>\n","protected":false},"excerpt":{"rendered":"<p>MOC-Floyd Valley AthleticsBoundSiouxland Conference SchedulesSiouxland ConferenceIAHSAA (Boys Association)IGHSAU (Girls Association)Bound RegistrationStart of SchoolFormsPreparticipation Physical Form Preparticipaci\u00f3n Atl\u00e9tico Examen F\u00edsicoTrack &#038; Field ResultsResultsBoys AthleticsFootballBound &#8211; FootballCross CountryBound &#8211; Cross CountryBasketballBound &#8211; BasketballSoccerBound &#8211; SoccerWrestlingBound &#8211; WrestlingBaseballBound &#8211; BaseballGolfBound &#8211; GolfTrack &#038; FieldBound &#8211; Track &#038; FieldGirls AthleticsVolleyballBound &#8211; VolleyballCross CountryBound &#8211; Cross CountryBasketballBound &#8211; BasketballSoccerBound &#8211; SoccerWrestlingBound &#8211; WrestlingCheerleadingBound &#8211; CheerleadingDance &#8230; <\/p>\n<div><a href=\"https:\/\/mocfv.org\/index.php\/athletics\/\" class=\"more-link\">Read More<\/a><\/div>\n","protected":false},"author":1,"featured_media":0,"parent":0,"menu_order":0,"comment_status":"closed","ping_status":"closed","template":"template-blank-4.php","meta":{"rs_blank_template":"","rs_page_bg_color":"","slide_template_v7":"","footnotes":""},"class_list":["post-6908","page","type-page","status-publish","hentry","no-post-thumbnail"],"_links":{"self":[{"href":"https:\/\/mocfv.org\/index.php\/wp-json\/wp\/v2\/pages\/6908","targetHints":{"allow":["GET"]}}],"collection":[{"href":"https:\/\/mocfv.org\/index.php\/wp-json\/wp\/v2\/pages"}],"about":[{"href":"https:\/\/mocfv.org\/index.php\/wp-json\/wp\/v2\/types\/page"}],"author":[{"embeddable":true,"href":"https:\/\/mocfv.org\/index.php\/wp-json\/wp\/v2\/users\/1"}],"replies":[{"embeddable":true,"href":"https:\/\/mocfv.org\/index.php\/wp-json\/wp\/v2\/comments?post=6908"}],"version-history":[{"count":52,"href":"https:\/\/mocfv.org\/index.php\/wp-json\/wp\/v2\/pages\/6908\/revisions"}],"predecessor-version":[{"id":10668,"href":"https:\/\/mocfv.org\/index.php\/wp-json\/wp\/v2\/pages\/6908\/revisions\/10668"}],"wp:attachment":[{"href":"https:\/\/mocfv.org\/index.php\/wp-json\/wp\/v2\/media?parent=6908"}],"curies":[{"name":"wp","href":"https:\/\/api.w.org\/{rel}","templated":true}]}}